{"id":4252,"date":"2025-01-21T08:51:36","date_gmt":"2025-01-21T07:51:37","guid":{"rendered":"https:\/\/shop.roribox.com\/?post_type=product&#038;p=4252"},"modified":"2025-02-12T13:42:50","modified_gmt":"2025-02-12T12:42:50","slug":"vytisk-archu","status":"publish","type":"product","link":"https:\/\/shop.roribox.com\/cs\/p\/vytisk-archu\/","title":{"rendered":"V\u00fdtisk archu 530&#215;375"},"content":{"rendered":"<h4>K \u010demu je ur\u010den\u00fd zku\u0161ebn\u00ed n\u00e1tisk<\/h4>\n<p>V\u00fdb\u011brem slu\u017eby zku\u0161en\u00edho n\u00e1tisku m\u00e1\u0161 mo\u017enost objednat od 2 do 10 kus\u016f obal\u016f dle sv\u00e9ho vlastn\u00edho designu v\u010detn\u011b vybran\u00fdch z\u00fa\u0161lecht\u011bn\u00ed jako nap\u0159\u00edklad efekty Scodix. C\u00edlem t\u00e9to slu\u017eby je mo\u017enost vid\u011bt a zkontrolovat jednotliv\u00e9 efekty, tvar vyseknut\u00e9ho a slepen\u00e9ho obalu, vlastnosti vybran\u00e9ho materi\u00e1lu a v neposledn\u00ed \u0159ad\u011b barevnost. Tato slu\u017eba je ide\u00e1ln\u00edm \u0159e\u0161en\u00edm, pokud se chce\u0161 p\u0159ed objedn\u00e1vkou fin\u00e1ln\u00ed s\u00e9rie obal\u016f ujistit o na\u0161\u00edch mo\u017enostech a z\u00e1rove\u0148 vyzkou\u0161et r\u016fzn\u00e9 konstruk\u010dn\u00ed a vizu\u00e1ln\u00ed efekty.<\/p>\n<p class=\"mesh-info\"><i class=\"fas fa-info\"><\/i>Tato slu\u017eba nen\u00ed ur\u010den\u00e1 pro objedn\u00e1v\u00e1n\u00ed v\u011bt\u0161\u00edch v\u00fdrobn\u00edch d\u00e1vek fin\u00e1ln\u00edch obal\u016f, ale pouze pro jednoltiv\u00e9 zku\u0161ebn\u00ed n\u00e1tisky. Pokud chce\u0161 objednat produk\u010dn\u00ed s\u00e9rii obal\u016f, pros\u00edme o kontakt mailem na <a href=\"mailto:roribox@roribox.com\" title=\"Napisz do nas\">roribox@roribox.com<\/a>.<\/p>\n<h4>Postup objedn\u00e1n\u00ed zku\u0161ebn\u00edho v\u00fdtisku?<\/h4>\n<ol>\n<li>Uve\u010f rozm\u011bry obalu (v\u0161imni si rozm\u011br\u016f uveden\u00fdch na obr\u00e1zc\u00edch) a dal\u0161\u00ed z\u00fa\u0161lecht\u011bn\u00ed, kter\u00e1 t\u011b zaj\u00edmaj\u00ed.<\/li>\n<li>P\u0159idej produkt do n\u00e1kupn\u00edho ko\u0161\u00edku, objednej a zapla\u0165 za objedn\u00e1vku.<\/li>\n<li><strong>Do 24h p\u0159iprav\u00edme PDF soubor s technick\u00fdm v\u00fdkresem obalu v zadan\u00fdch rozm\u011brech a mailem ti za\u0161leme link pro sta\u017een\u00ed v\u010detn\u011b specifikace pro p\u0159\u00edpravu grafiky.<\/strong> (<a href=\"https:\/\/shop.roribox.com\/pdf\/instrukcja_specyfikacja.pdf\" rel=\"noopener noreferrer\" target=\"_blank\"><strong>specifikace<\/strong><\/a>).<\/li>\n<li>S pomoc\u00ed obdr\u017een\u00fdch PDF soubor\u016f m\u016f\u017ee\u0161 osadit sv\u016fj projekt na technick\u00fd v\u00fdkres obalu a poslat n\u00e1m ho skrze web, ze kter\u00e9ho jsi v\u00fdkres st\u00e1hnul.<\/li>\n<li>Pokud bude v\u0161e souhlasit, vytiskneme tvoje obaly a po\u0161leme na uvedenou adresu. V p\u0159\u00edpad\u011b jak\u00fdchkoliv nejasnost\u00ed t\u011b budeme kontaktovat mailem.<\/li>\n<\/ol>\n<p>V p\u0159\u00edpad\u011b jak\u00fdchkoliv dotaz\u016f se na n\u00e1s nev\u00e1hej obr\u00e1tit mailem, moc r\u00e1di zodpov\u00edme v\u0161eke\u0159\u00e9 dotazy spojen\u00e9 s na\u0161\u00edmi obaly a tak\u00e9 procesem objedn\u00e1v\u00e1n\u00ed zku\u0161ebn\u00edho v\u00fdtisk\u016f nebo v\u011bt\u0161\u00edch v\u00fdrobn\u00edch s\u00e9ri\u00ed obal\u016f.<\/p>\n","protected":false},"excerpt":{"rendered":"<ul>\n<li>V\u00fdtisk archu A3<\/li>\n<\/ul>\n","protected":false},"featured_media":4266,"template":"","meta":[],"yoast_head":"<!-- This site is optimized with the Yoast SEO plugin v15.9 - https:\/\/yoast.com\/wordpress\/plugins\/seo\/ -->\n<title>V\u00fdtisk archu 530x375 - rori shop - kup spersonalizowane opakowania online<\/title>\n<meta name=\"robots\" content=\"noindex, follow\" \/>\n<meta property=\"og:locale\" content=\"cs_CZ\" \/>\n<meta property=\"og:type\" content=\"article\" \/>\n<meta property=\"og:title\" content=\"V\u00fdtisk archu 530x375 - rori shop - kup spersonalizowane opakowania online\" \/>\n<meta property=\"og:description\" content=\"V\u00fdtisk archu A3\" \/>\n<meta property=\"og:url\" content=\"https:\/\/shop.roribox.com\/cs\/p\/vytisk-archu\/\" \/>\n<meta property=\"og:site_name\" content=\"rori shop - kup spersonalizowane opakowania online\" \/>\n<meta property=\"article:publisher\" content=\"https:\/\/www.facebook.com\/roriboxcom\/\" \/>\n<meta property=\"article:modified_time\" content=\"2025-02-12T12:42:50+00:00\" \/>\n<meta property=\"og:image\" content=\"https:\/\/shop.roribox.com\/wp-content\/uploads\/2025\/01\/color_sheet_1.jpg\" \/>\n\t<meta property=\"og:image:width\" content=\"1600\" \/>\n\t<meta property=\"og:image:height\" content=\"1200\" \/>\n<meta name=\"twitter:card\" content=\"summary_large_image\" \/>\n<meta name=\"twitter:label1\" content=\"Odhadovan\u00e1 doba \u010dten\u00ed\">\n\t<meta name=\"twitter:data1\" content=\"2 minuty\">\n<script type=\"application\/ld+json\" class=\"yoast-schema-graph\">{\"@context\":\"https:\/\/schema.org\",\"@graph\":[{\"@type\":\"Organization\",\"@id\":\"https:\/\/shop.roribox.com\/#organization\",\"name\":\"Roribox Shop\",\"url\":\"https:\/\/shop.roribox.com\/\",\"sameAs\":[\"https:\/\/www.facebook.com\/roriboxcom\/\",\"https:\/\/www.instagram.com\/rori.box\/\",\"https:\/\/www.linkedin.com\/company\/roribox\",\"https:\/\/www.youtube.com\/@roribox\"],\"logo\":{\"@type\":\"ImageObject\",\"@id\":\"https:\/\/shop.roribox.com\/#logo\",\"inLanguage\":\"cs\",\"url\":\"https:\/\/shop.roribox.com\/wp-content\/uploads\/2026\/05\/RORI_26_LOGO-01.png\",\"width\":2250,\"height\":2250,\"caption\":\"Roribox Shop\"},\"image\":{\"@id\":\"https:\/\/shop.roribox.com\/#logo\"}},{\"@type\":\"WebSite\",\"@id\":\"https:\/\/shop.roribox.com\/#website\",\"url\":\"https:\/\/shop.roribox.com\/\",\"name\":\"rori shop - kup spersonalizowane opakowania online\",\"description\":\"\",\"publisher\":{\"@id\":\"https:\/\/shop.roribox.com\/#organization\"},\"potentialAction\":[{\"@type\":\"SearchAction\",\"target\":\"https:\/\/shop.roribox.com\/?s={search_term_string}\",\"query-input\":\"required name=search_term_string\"}],\"inLanguage\":\"cs\"},{\"@type\":\"ImageObject\",\"@id\":\"https:\/\/shop.roribox.com\/cs\/p\/vytisk-archu\/#primaryimage\",\"inLanguage\":\"cs\",\"url\":\"https:\/\/shop.roribox.com\/wp-content\/uploads\/2025\/01\/color_sheet_1.jpg\",\"width\":1600,\"height\":1200},{\"@type\":\"WebPage\",\"@id\":\"https:\/\/shop.roribox.com\/cs\/p\/vytisk-archu\/#webpage\",\"url\":\"https:\/\/shop.roribox.com\/cs\/p\/vytisk-archu\/\",\"name\":\"V\\u00fdtisk archu 530x375 - rori shop - kup spersonalizowane opakowania online\",\"isPartOf\":{\"@id\":\"https:\/\/shop.roribox.com\/#website\"},\"primaryImageOfPage\":{\"@id\":\"https:\/\/shop.roribox.com\/cs\/p\/vytisk-archu\/#primaryimage\"},\"datePublished\":\"2025-01-21T07:51:37+00:00\",\"dateModified\":\"2025-02-12T12:42:50+00:00\",\"breadcrumb\":{\"@id\":\"https:\/\/shop.roribox.com\/cs\/p\/vytisk-archu\/#breadcrumb\"},\"inLanguage\":\"cs\",\"potentialAction\":[{\"@type\":\"ReadAction\",\"target\":[\"https:\/\/shop.roribox.com\/cs\/p\/vytisk-archu\/\"]}]},{\"@type\":\"BreadcrumbList\",\"@id\":\"https:\/\/shop.roribox.com\/cs\/p\/vytisk-archu\/#breadcrumb\",\"itemListElement\":[{\"@type\":\"ListItem\",\"position\":1,\"item\":{\"@type\":\"WebPage\",\"@id\":\"https:\/\/shop.roribox.com\/\",\"url\":\"https:\/\/shop.roribox.com\/\",\"name\":\"Home\"}},{\"@type\":\"ListItem\",\"position\":2,\"item\":{\"@type\":\"WebPage\",\"@id\":\"https:\/\/shop.roribox.com\/\",\"url\":\"https:\/\/shop.roribox.com\/\",\"name\":\"Prohl\\u00e9dni si obaly\"}},{\"@type\":\"ListItem\",\"position\":3,\"item\":{\"@type\":\"WebPage\",\"@id\":\"https:\/\/shop.roribox.com\/cs\/p\/vytisk-archu\/\",\"url\":\"https:\/\/shop.roribox.com\/cs\/p\/vytisk-archu\/\",\"name\":\"V\\u00fdtisk archu 530&#215;375\"}}]}]}<\/script>\n<!-- \/ Yoast SEO plugin. -->","_links":{"self":[{"href":"https:\/\/shop.roribox.com\/cs\/wp-json\/wp\/v2\/product\/4252"}],"collection":[{"href":"https:\/\/shop.roribox.com\/cs\/wp-json\/wp\/v2\/product"}],"about":[{"href":"https:\/\/shop.roribox.com\/cs\/wp-json\/wp\/v2\/types\/product"}],"wp:featuredmedia":[{"embeddable":true,"href":"https:\/\/shop.roribox.com\/cs\/wp-json\/wp\/v2\/media\/4266"}],"wp:attachment":[{"href":"https:\/\/shop.roribox.com\/cs\/wp-json\/wp\/v2\/media?parent=4252"}],"curies":[{"name":"wp","href":"https:\/\/api.w.org\/{rel}","templated":true}]}}